{"id":19,"date":"2025-10-09T16:21:32","date_gmt":"2025-10-09T16:21:32","guid":{"rendered":"https:\/\/4hope.at\/?page_id=19"},"modified":"2025-11-16T15:53:55","modified_gmt":"2025-11-16T15:53:55","slug":"hope-stand-for","status":"publish","type":"page","link":"https:\/\/all.4hope.at\/","title":{"rendered":"4Hope Stands for"},"content":{"rendered":"\n<div class=\"wp-block-columns is-layout-flex wp-container-core-columns-is-layout-28f84493 wp-block-columns-is-layout-flex\">\n<div class=\"wp-block-column is-layout-flow wp-block-column-is-layout-flow\" style=\"flex-basis:25%\"><\/div>\n\n\n\n<div class=\"wp-block-column is-vertically-aligned-top is-layout-flow wp-block-column-is-layout-flow\" style=\"flex-basis:50%\">\n<div class=\"wp-block-media-text has-large-font-size\" style=\"grid-template-columns:22% auto\"><figure class=\"wp-block-media-text__media\"><a href=\"https:\/\/med.4hope.at\"><img loading=\"lazy\" decoding=\"async\" width=\"228\" height=\"312\" src=\"https:\/\/4hope.at\/wp-content\/uploads\/2025\/10\/Bildschirmfoto-2025-10-09-um-18.03.34.png\" alt=\"\" class=\"wp-image-13 size-full\" srcset=\"https:\/\/all.4hope.at\/wp-content\/uploads\/2025\/10\/Bildschirmfoto-2025-10-09-um-18.03.34.png 228w, https:\/\/all.4hope.at\/wp-content\/uploads\/2025\/10\/Bildschirmfoto-2025-10-09-um-18.03.34-219x300.png 219w\" sizes=\"auto, (max-width: 228px) 100vw, 228px\" \/><\/a><\/figure><div class=\"wp-block-media-text__content\">\n<p class=\"has-medium-font-size\">Medical Aid for Homeless People <\/p>\n\n\n\n<p class=\"has-medium-font-size\"><a href=\"https:\/\/med.4hope.at\">https:\/\/med.4hope.at<\/a><\/p>\n<\/div><\/div>\n<\/div>\n\n\n\n<div class=\"wp-block-column is-layout-flow wp-block-column-is-layout-flow\" style=\"flex-basis:25%\"><\/div>\n<\/div>\n\n\n\n<div class=\"wp-block-columns is-layout-flex wp-container-core-columns-is-layout-28f84493 wp-block-columns-is-layout-flex\">\n<div class=\"wp-block-column is-layout-flow wp-block-column-is-layout-flow\" style=\"flex-basis:25%\"><\/div>\n\n\n\n<div class=\"wp-block-column is-vertically-aligned-top is-layout-flow wp-block-column-is-layout-flow\" style=\"flex-basis:50%\">\n<div class=\"wp-block-media-text has-media-on-the-right has-background-color-background-color has-background has-large-font-size\" style=\"grid-template-columns:auto 22%\"><div class=\"wp-block-media-text__content\">\n<p class=\"has-medium-font-size\">Cycling for People in Need<\/p>\n\n\n\n<p class=\"has-medium-font-size\"><a href=\"https:\/\/ride.4hope.at\">https:\/\/ride.4hope.at<\/a><br>-&gt; <a href=\"http:\/\/km.4hope.at\" data-type=\"link\" data-id=\"km.4hope.at\">km Spenden<\/a><br>-&gt; <a href=\"http:\/\/ambassadors.4hope.at\" data-type=\"link\" data-id=\"ambassadors.4hope.at\">Ambassadors<\/a><\/p>\n<\/div><figure class=\"wp-block-media-text__media\"><a href=\"https:\/\/ride.4hope.at\"><img loading=\"lazy\" decoding=\"async\" width=\"1024\" height=\"1024\" src=\"https:\/\/4hope.at\/wp-content\/uploads\/2025\/10\/logo-nobackground-5000-med4hope-1024x1024.png\" alt=\"\" class=\"wp-image-11 size-full\" srcset=\"https:\/\/all.4hope.at\/wp-content\/uploads\/2025\/10\/logo-nobackground-5000-med4hope-1024x1024.png 1024w, https:\/\/all.4hope.at\/wp-content\/uploads\/2025\/10\/logo-nobackground-5000-med4hope-300x300.png 300w, https:\/\/all.4hope.at\/wp-content\/uploads\/2025\/10\/logo-nobackground-5000-med4hope-150x150.png 150w, https:\/\/all.4hope.at\/wp-content\/uploads\/2025\/10\/logo-nobackground-5000-med4hope-768x768.png 768w, https:\/\/all.4hope.at\/wp-content\/uploads\/2025\/10\/logo-nobackground-5000-med4hope-1536x1536.png 1536w, https:\/\/all.4hope.at\/wp-content\/uploads\/2025\/10\/logo-nobackground-5000-med4hope-2048x2048.png 2048w\" sizes=\"auto, (max-width: 1024px) 100vw, 1024px\" \/><\/a><\/figure><\/div>\n<\/div>\n\n\n\n<div class=\"wp-block-column is-layout-flow wp-block-column-is-layout-flow\" style=\"flex-basis:25%\"><\/div>\n<\/div>\n\n\n\n<div class=\"wp-block-columns is-layout-flex wp-container-core-columns-is-layout-28f84493 wp-block-columns-is-layout-flex\">\n<div class=\"wp-block-column is-layout-flow wp-block-column-is-layout-flow\" style=\"flex-basis:25%\"><\/div>\n\n\n\n<div class=\"wp-block-column is-vertically-aligned-top is-layout-flow wp-block-column-is-layout-flow\" style=\"flex-basis:50%\">\n<div class=\"wp-block-media-text\" style=\"grid-template-columns:49% auto\"><figure class=\"wp-block-media-text__media\"><a href=\"https:\/\/med.4hope.at\"><img loading=\"lazy\" decoding=\"async\" width=\"1024\" height=\"475\" src=\"https:\/\/all.4hope.at\/wp-content\/uploads\/2025\/10\/Bildschirmfoto-2025-10-18-um-09.31.38-1024x475.png\" alt=\"\" class=\"wp-image-47 size-full\" srcset=\"https:\/\/all.4hope.at\/wp-content\/uploads\/2025\/10\/Bildschirmfoto-2025-10-18-um-09.31.38-1024x475.png 1024w, https:\/\/all.4hope.at\/wp-content\/uploads\/2025\/10\/Bildschirmfoto-2025-10-18-um-09.31.38-300x139.png 300w, https:\/\/all.4hope.at\/wp-content\/uploads\/2025\/10\/Bildschirmfoto-2025-10-18-um-09.31.38-768x356.png 768w, https:\/\/all.4hope.at\/wp-content\/uploads\/2025\/10\/Bildschirmfoto-2025-10-18-um-09.31.38.png 1194w\" sizes=\"auto, (max-width: 1024px) 100vw, 1024px\" \/><\/a><\/figure><div class=\"wp-block-media-text__content\">\n<p>Soap4Hope &#8211; Projekt Dusch-Ambulanz<\/p>\n\n\n\n<p><a href=\"https:\/\/soap.4hope.at\">https:\/\/soap.4hope.at<\/a><\/p>\n<\/div><\/div>\n<\/div>\n\n\n\n<div class=\"wp-block-column is-layout-flow wp-block-column-is-layout-flow\" style=\"flex-basis:25%\"><\/div>\n<\/div>\n\n\n\n<div class=\"wp-block-columns is-layout-flex wp-container-core-columns-is-layout-28f84493 wp-block-columns-is-layout-flex\">\n<div class=\"wp-block-column is-layout-flow wp-block-column-is-layout-flow\" style=\"flex-basis:25%\"><\/div>\n\n\n\n<div class=\"wp-block-column is-vertically-aligned-top is-layout-flow wp-block-column-is-layout-flow\" style=\"flex-basis:50%\">\n<div class=\"wp-block-media-text has-media-on-the-right has-background-color-background-color has-background\" style=\"grid-template-columns:auto 49%\"><div class=\"wp-block-media-text__content\">\n<p class=\"has-medium-font-size\">Voices for Homeless People  <\/p>\n\n\n\n<p class=\"has-medium-font-size\"><a href=\"https:\/\/voices.4hope.at\" data-type=\"link\" data-id=\"https:\/\/voices.4hope.at\">https:\/\/voices.4hope.at<\/a><\/p>\n<\/div><figure class=\"wp-block-media-text__media\"><a href=\"https:\/\/voices.4hope.at\"><img loading=\"lazy\" decoding=\"async\" width=\"1024\" height=\"338\" src=\"https:\/\/4hope.at\/wp-content\/uploads\/2025\/10\/Bildschirmfoto-2025-10-09-um-18.05.49-1024x338.png\" alt=\"\" class=\"wp-image-14 size-full\" srcset=\"https:\/\/all.4hope.at\/wp-content\/uploads\/2025\/10\/Bildschirmfoto-2025-10-09-um-18.05.49-1024x338.png 1024w, https:\/\/all.4hope.at\/wp-content\/uploads\/2025\/10\/Bildschirmfoto-2025-10-09-um-18.05.49-300x99.png 300w, https:\/\/all.4hope.at\/wp-content\/uploads\/2025\/10\/Bildschirmfoto-2025-10-09-um-18.05.49-768x254.png 768w, https:\/\/all.4hope.at\/wp-content\/uploads\/2025\/10\/Bildschirmfoto-2025-10-09-um-18.05.49-1536x507.png 1536w, https:\/\/all.4hope.at\/wp-content\/uploads\/2025\/10\/Bildschirmfoto-2025-10-09-um-18.05.49-2048x676.png 2048w\" sizes=\"auto, (max-width: 1024px) 100vw, 1024px\" \/><\/a><\/figure><\/div>\n\n\n\n<div class=\"wp-block-media-text\" style=\"grid-template-columns:25% auto\"><figure class=\"wp-block-media-text__media\"><a href=\"https:\/\/shop.4hope.at\"><img loading=\"lazy\" decoding=\"async\" width=\"762\" height=\"1024\" src=\"https:\/\/4hope.at\/wp-content\/uploads\/2025\/10\/Screenshot-2025-10-10-at-05.52.39-762x1024.png\" alt=\"\" class=\"wp-image-33 size-full\" srcset=\"https:\/\/all.4hope.at\/wp-content\/uploads\/2025\/10\/Screenshot-2025-10-10-at-05.52.39-762x1024.png 762w, https:\/\/all.4hope.at\/wp-content\/uploads\/2025\/10\/Screenshot-2025-10-10-at-05.52.39-223x300.png 223w, https:\/\/all.4hope.at\/wp-content\/uploads\/2025\/10\/Screenshot-2025-10-10-at-05.52.39-768x1032.png 768w, https:\/\/all.4hope.at\/wp-content\/uploads\/2025\/10\/Screenshot-2025-10-10-at-05.52.39.png 790w\" sizes=\"auto, (max-width: 762px) 100vw, 762px\" \/><\/a><\/figure><div class=\"wp-block-media-text__content\">\n<p>OWAYO Charity-Shop<\/p>\n\n\n\n<p class=\"has-medium-font-size\"><a href=\"https:\/\/shop.4hope.at\" data-type=\"link\" data-id=\"https:\/\/voices.4hope.at\">https:\/\/shop.4hope.at<\/a><\/p>\n<\/div><\/div>\n<\/div>\n\n\n\n<div class=\"wp-block-column is-layout-flow wp-block-column-is-layout-flow\" style=\"flex-basis:25%\"><\/div>\n<\/div>\n\n\n\n<hr class=\"wp-block-separator has-alpha-channel-opacity\"\/>\n\n\n\n<p class=\"has-text-align-center\">Wir freuen uns \u00fcber finanzielle Unterst\u00fctzung, um unsere Projekte zu finanzieren.<\/p>\n\n\n\n<p class=\"has-text-align-center\">Jeder Beitrag z\u00e4hlt und macht einen Unterschied. Gemeinsam k\u00f6nnen wir obdachlosen Menschen eine Chance auf bessere Gesundheit und ein w\u00fcrdiges Leben geben.<br><br><strong>MED4HOPE ist eine spendenbeg\u00fcnstigte Organisation.<\/strong><\/p>\n\n\n\n<div class=\"wp-block-media-text\" style=\"border-width:10px;border-radius:21px;margin-top:0;margin-bottom:0;padding-top:var(--wp--preset--spacing--50);padding-right:var(--wp--preset--spacing--50);padding-bottom:var(--wp--preset--spacing--50);padding-left:var(--wp--preset--spacing--50);grid-template-columns:20% auto\"><figure class=\"wp-block-media-text__media\"><img loading=\"lazy\" decoding=\"async\" width=\"180\" height=\"180\" src=\"https:\/\/all.4hope.at\/wp-content\/uploads\/2025\/10\/qrcode.gif\" alt=\"\" class=\"wp-image-67 size-full\"\/><\/figure><div class=\"wp-block-media-text__content\">\n<p>S<strong>pendenkonto:<\/strong><br>Gesellschaft f\u00fcr niederschwellige Medizin &#8211; MED4HOPE<br>Erste Bank<br>IBAN: AT02 2011 1844 2898 2100<br>BIC: GIBAATWWXXX<\/p>\n<\/div><\/div>\n\n\n\n<p class=\"has-text-align-center\"><\/p>\n\n\n\n<hr class=\"wp-block-separator has-alpha-channel-opacity\"\/>\n\n\n\n<div class=\"wp-block-columns is-layout-flex wp-container-core-columns-is-layout-28f84493 wp-block-columns-is-layout-flex\">\n<div class=\"wp-block-column is-layout-flow wp-block-column-is-layout-flow\">\n<iframe loading=\"lazy\" width=\"560\" height=\"315\" src=\"https:\/\/www.youtube.com\/embed\/_hh1d4k4oew?si=xLctvBh0qzJsckH6\" title=\"YouTube video player\" frameborder=\"0\" allow=\"accelerometer; autoplay; clipboard-write; encrypted-media; gyroscope; picture-in-picture; web-share\" referrerpolicy=\"strict-origin-when-cross-origin\" allowfullscreen><\/iframe>\n\n\n\n<iframe loading=\"lazy\" width=\"560\" height=\"315\" src=\"https:\/\/www.youtube.com\/embed\/6SRp31Mel7w?si=1foNUcKswDIUpMRy\" title=\"YouTube video player\" frameborder=\"0\" allow=\"accelerometer; autoplay; clipboard-write; encrypted-media; gyroscope; picture-in-picture; web-share\" referrerpolicy=\"strict-origin-when-cross-origin\" allowfullscreen><\/iframe>\n<\/div>\n\n\n\n<div class=\"wp-block-column is-layout-flow wp-block-column-is-layout-flow\">\n<iframe loading=\"lazy\" width=\"560\" height=\"315\" src=\"https:\/\/www.youtube.com\/embed\/TSy9lfaLNBk?si=iO9pPfyU9Ieypwhg\" title=\"YouTube video player\" frameborder=\"0\" allow=\"accelerometer; autoplay; clipboard-write; encrypted-media; gyroscope; picture-in-picture; web-share\" referrerpolicy=\"strict-origin-when-cross-origin\" allowfullscreen><\/iframe>\n\n\n\n<iframe loading=\"lazy\" width=\"560\" height=\"315\" src=\"https:\/\/www.youtube.com\/embed\/DD6Pb5yvf0Y?si=2NFkzJy5ZXqEUCxN\" title=\"YouTube video player\" frameborder=\"0\" allow=\"accelerometer; autoplay; clipboard-write; encrypted-media; gyroscope; picture-in-picture; web-share\" referrerpolicy=\"strict-origin-when-cross-origin\" allowfullscreen><\/iframe>\n<\/div>\n<\/div>\n\n\n\n<div class=\"wp-block-columns is-layout-flex wp-container-core-columns-is-layout-28f84493 wp-block-columns-is-layout-flex\">\n<div class=\"wp-block-column is-layout-flow wp-block-column-is-layout-flow\">\n<iframe loading=\"lazy\" width=\"560\" height=\"315\" src=\"https:\/\/www.youtube.com\/embed\/RWW8d0BdV0k?si=zdJ-G11BQRi1226Y\" title=\"YouTube video player\" frameborder=\"0\" allow=\"accelerometer; autoplay; clipboard-write; encrypted-media; gyroscope; picture-in-picture; web-share\" referrerpolicy=\"strict-origin-when-cross-origin\" allowfullscreen><\/iframe>\n<\/div>\n\n\n\n<div class=\"wp-block-column is-layout-flow wp-block-column-is-layout-flow\">\n<iframe loading=\"lazy\" width=\"560\" height=\"315\" src=\"https:\/\/www.youtube.com\/embed\/5NCC8Ykcpbs?si=Mi6HswI9flJeSZYK\" title=\"YouTube video player\" frameborder=\"0\" allow=\"accelerometer; autoplay; clipboard-write; encrypted-media; gyroscope; picture-in-picture; web-share\" referrerpolicy=\"strict-origin-when-cross-origin\" allowfullscreen><\/iframe>\n<\/div>\n<\/div>\n","protected":false},"excerpt":{"rendered":"<p>Medical Aid for Homeless People https:\/\/med.4hope.at Cycling for People in Need https:\/\/ride.4hope.at-&gt; km Spenden-&gt; Ambassadors Soap4Hope &#8211; Projekt Dusch-Ambulanz https:\/\/soap.4hope.at Voices for Homeless People https:\/\/voices.4hope.at OWAYO Charity-Shop https:\/\/shop.4hope.at Wir freuen uns \u00fcber finanzielle Unterst\u00fctzung, um unsere Projekte zu finanzieren. Jeder Beitrag z\u00e4hlt und macht einen Unterschied. Gemeinsam k\u00f6nnen wir obdachlosen [&hellip;]<\/p>\n","protected":false},"author":1,"featured_media":0,"parent":0,"menu_order":0,"comment_status":"closed","ping_status":"closed","template":"","meta":{"footnotes":""},"class_list":["post-19","page","type-page","status-publish","hentry"],"_links":{"self":[{"href":"https:\/\/all.4hope.at\/index.php?rest_route=\/wp\/v2\/pages\/19","targetHints":{"allow":["GET"]}}],"collection":[{"href":"https:\/\/all.4hope.at\/index.php?rest_route=\/wp\/v2\/pages"}],"about":[{"href":"https:\/\/all.4hope.at\/index.php?rest_route=\/wp\/v2\/types\/page"}],"author":[{"embeddable":true,"href":"https:\/\/all.4hope.at\/index.php?rest_route=\/wp\/v2\/users\/1"}],"replies":[{"embeddable":true,"href":"https:\/\/all.4hope.at\/index.php?rest_route=%2Fwp%2Fv2%2Fcomments&post=19"}],"version-history":[{"count":25,"href":"https:\/\/all.4hope.at\/index.php?rest_route=\/wp\/v2\/pages\/19\/revisions"}],"predecessor-version":[{"id":79,"href":"https:\/\/all.4hope.at\/index.php?rest_route=\/wp\/v2\/pages\/19\/revisions\/79"}],"wp:attachment":[{"href":"https:\/\/all.4hope.at\/index.php?rest_route=%2Fwp%2Fv2%2Fmedia&parent=19"}],"curies":[{"name":"wp","href":"https:\/\/api.w.org\/{rel}","templated":true}]}}